{"id":767,"date":"2009-02-21T18:27:58","date_gmt":"2009-02-21T16:27:58","guid":{"rendered":"http:\/\/jonk.pirateboy.net\/blog\/?page_id=767"},"modified":"2012-05-07T20:34:00","modified_gmt":"2012-05-07T18:34:00","slug":"om-jonk","status":"publish","type":"page","link":"https:\/\/jonk.pirateboy.net\/blog\/om-jonk\/","title":{"rendered":"Om Jonk"},"content":{"rendered":"<p><a title=\"Jonk\" href=\"http:\/\/jonk.pirateboy.net\/blog\/wp-content\/uploads\/2009\/02\/jonk_avatar_20081213_500x500.jpg\"><img loading=\"lazy\" decoding=\"async\" class=\"size-thumbnail wp-image-768 alignleft\" title=\"Jonk\" src=\"http:\/\/jonk.pirateboy.net\/blog\/wp-content\/uploads\/2009\/02\/jonk_avatar_20081213_500x500-150x150.jpg\" alt=\"Jonk\" width=\"150\" height=\"150\" srcset=\"https:\/\/jonk.pirateboy.net\/blog\/wp-content\/uploads\/2009\/02\/jonk_avatar_20081213_500x500-150x150.jpg 150w, https:\/\/jonk.pirateboy.net\/blog\/wp-content\/uploads\/2009\/02\/jonk_avatar_20081213_500x500-300x300.jpg 300w, https:\/\/jonk.pirateboy.net\/blog\/wp-content\/uploads\/2009\/02\/jonk_avatar_20081213_500x500.jpg 500w\" sizes=\"auto, (max-width: 150px) 100vw, 150px\" \/><\/a>Jag som skriver h\u00e4r heter Johan Stenstr\u00f6m men g\u00e5r allt som oftast under namnet Jonk. H\u00e4r kommer en snabb summering av vem jag \u00e4r p\u00e5 ett ungef\u00e4r:<\/p>\n<p>Har jobbat som webb-programmerare sedan 1999, har avverkat reklambyr\u00e5n Dialogue (Maj 1999 \u2013 Augusti 2000), <a href=\"http:\/\/www.framfab.se\" target=\"_blank\">Framfab<\/a> (Augusti 2000 \u2013 December 2002), <a href=\"http:\/\/www.ikea.se\" target=\"_blank\">Ikea IT<\/a> (Januari 2003 \u2013 Oktober 2006), <a href=\"http:\/\/www.conagri.se\" target=\"_self\">Conagri<\/a> (Oktober 2006 \u2013 Februari 2010) och jobbar nu p\u00e5 <a href=\"http:\/\/kodexe.se\">Kodexe<\/a> i Malm\u00f6. Driver p\u00e5 fritiden f\u00f6retaget <a href=\"http:\/\/followmedarling.se\/\" target=\"_blank\">Follow me Darling<\/a>, bloggen Jonk, och lite annat. I \u00f6vrigt \u00e4r jag en liden g\u00e5sap\u00e5g fr\u00e5n Sk\u00e5ne som bor p\u00e5 landet med frun <a href=\"http:\/\/lisa.pirateboy.net\" target=\"_blank\">Lisa<\/a> och barnen <a href=\"http:\/\/loke-freja.pirateboy.net\" target=\"_blank\">Loke och Freja<\/a>. Jag \u00e4r sn\u00e4ll n\u00e4stan hela tiden och har hj\u00e4rtat till v\u00e4nster, d\u00e4r det ska sitta. K\u00e4nd som Jonk n\u00e4stan \u00f6verallt.<\/p>\n","protected":false},"excerpt":{"rendered":"<p>Jag som skriver h\u00e4r heter Johan Stenstr\u00f6m men g\u00e5r allt som oftast under namnet Jonk. H\u00e4r kommer en snabb summering av vem jag \u00e4r p\u00e5 ett ungef\u00e4r: Har jobbat som webb-programmerare sedan 1999, har avverkat reklambyr\u00e5n Dialogue (Maj 1999 \u2013 Augusti 2000), Framfab (Augusti 2000 \u2013 December 2002), Ikea IT (Januari 2003 \u2013 Oktober 2006), [&hellip;]<\/p>\n","protected":false},"author":27,"featured_media":0,"parent":0,"menu_order":0,"comment_status":"open","ping_status":"open","template":"","meta":{"footnotes":""},"class_list":["post-767","page","type-page","status-publish","hentry"],"_links":{"self":[{"href":"https:\/\/jonk.pirateboy.net\/blog\/wp-json\/wp\/v2\/pages\/767","targetHints":{"allow":["GET"]}}],"collection":[{"href":"https:\/\/jonk.pirateboy.net\/blog\/wp-json\/wp\/v2\/pages"}],"about":[{"href":"https:\/\/jonk.pirateboy.net\/blog\/wp-json\/wp\/v2\/types\/page"}],"author":[{"embeddable":true,"href":"https:\/\/jonk.pirateboy.net\/blog\/wp-json\/wp\/v2\/users\/27"}],"replies":[{"embeddable":true,"href":"https:\/\/jonk.pirateboy.net\/blog\/wp-json\/wp\/v2\/comments?post=767"}],"version-history":[{"count":9,"href":"https:\/\/jonk.pirateboy.net\/blog\/wp-json\/wp\/v2\/pages\/767\/revisions"}],"predecessor-version":[{"id":771,"href":"https:\/\/jonk.pirateboy.net\/blog\/wp-json\/wp\/v2\/pages\/767\/revisions\/771"}],"wp:attachment":[{"href":"https:\/\/jonk.pirateboy.net\/blog\/wp-json\/wp\/v2\/media?parent=767"}],"curies":[{"name":"wp","href":"https:\/\/api.w.org\/{rel}","templated":true}]}}